{"id":1376,"date":"2024-09-30T12:34:03","date_gmt":"2024-09-30T12:34:03","guid":{"rendered":"https:\/\/psna99.com\/?page_id=1376"},"modified":"2024-09-30T14:06:58","modified_gmt":"2024-09-30T14:06:58","slug":"conditions-de-paiement-recurrent","status":"publish","type":"page","link":"https:\/\/psna99.com\/it\/conditions-de-paiement-recurrent\/","title":{"rendered":"Termini di pagamento ricorrenti"},"content":{"rendered":"<p>[et_pb_section fb_built=&#8221;1&#8243; _builder_version=&#8221;4.27.0&#8243; _module_preset=&#8221;default&#8221; background_color=&#8221;#08004e&#8221; border_radii=&#8221;off|||50px|50px&#8221; global_colors_info=&#8221;{}&#8221; locked=&#8221;off&#8221; theme_builder_area=&#8221;post_content&#8221;][et_pb_row _builder_version=&#8221;4.27.0&#8243; _module_preset=&#8221;default&#8221; global_colors_info=&#8221;{}&#8221; theme_builder_area=&#8221;post_content&#8221;][et_pb_column type=&#8221;4_4&#8243; _builder_version=&#8221;4.27.0&#8243; _module_preset=&#8221;default&#8221; global_colors_info=&#8221;{}&#8221; theme_builder_area=&#8221;post_content&#8221;][et_pb_text _builder_version=&#8221;4.27.0&#8243; _module_preset=&#8221;default&#8221; hover_enabled=&#8221;0&#8243; global_colors_info=&#8221;{}&#8221; theme_builder_area=&#8221;post_content&#8221; sticky_enabled=&#8221;0&#8243; text_text_color=&#8221;#727272&#8243; header_font=&#8221;|700|||||||&#8221; header_text_color=&#8221;#FFFFFF&#8221; header_font_size=&#8221;70px&#8221; header_2_text_align=&#8221;center&#8221; header_2_text_color=&#8221;#08004e&#8221; header_2_font_size=&#8221;50px&#8221; header_2_line_height=&#8221;1.2em&#8221; header_font_size_tablet=&#8221;40px&#8221; header_font_size_phone=&#8221;35px&#8221; header_font_size_last_edited=&#8221;on|tablet&#8221; header_2_font_size_tablet=&#8221;40px&#8221; header_2_font_size_phone=&#8221;30px&#8221; header_2_font_size_last_edited=&#8221;on|phone&#8221;]<\/p>\n<h1>Conditions de paiement r\u00e9current<\/h1>\n<p>&nbsp;<\/p>\n<p><!-- \/divi:paragraph --><\/p>\n<p>[\/et_pb_text][\/et_pb_column][\/et_pb_row][\/et_pb_section][et_pb_section fb_built=&#8221;1&#8243; background_color=&#8221;RGBA(255,255,255,0)&#8221; _builder_version=&#8221;4.27.0&#8243; _module_preset=&#8221;_initial&#8221; global_colors_info=&#8221;{}&#8221; theme_builder_area=&#8221;post_content&#8221;][et_pb_row _builder_version=&#8221;4.27.0&#8243; _module_preset=&#8221;default&#8221; global_colors_info=&#8221;{}&#8221; theme_builder_area=&#8221;post_content&#8221;][et_pb_column type=&#8221;4_4&#8243; _builder_version=&#8221;4.27.0&#8243; _module_preset=&#8221;default&#8221; global_colors_info=&#8221;{}&#8221; theme_builder_area=&#8221;post_content&#8221;][et_pb_text header_text_color=&#8221;#FFFFFF&#8221; header_font=&#8221;|700|||||||&#8221; header_font_size=&#8221;70px&#8221; header_font_size_last_edited=&#8221;on|tablet&#8221; header_font_size_phone=&#8221;35px&#8221; header_font_size_tablet=&#8221;40px&#8221; text_text_color=&#8221;#727272&#8243; header_2_text_color=&#8221;#08004e&#8221; header_2_font_size=&#8221;50px&#8221; header_2_font_size_last_edited=&#8221;on|phone&#8221; header_2_font_size_tablet=&#8221;40px&#8221; header_2_font_size_phone=&#8221;30px&#8221; header_2_line_height=&#8221;1.2em&#8221; _builder_version=&#8221;4.27.0&#8243; _module_preset=&#8221;_initial&#8221; header_2_text_align=&#8221;center&#8221; hover_enabled=&#8221;0&#8243; global_colors_info=&#8221;{}&#8221; theme_builder_area=&#8221;post_content&#8221; sticky_enabled=&#8221;0&#8243;]<\/p>\n<h2>Termes d&#8217;abonnement<\/h2>\n<p>Entry into force: March 30th, 2023<\/p>\n<p><strong>CLICKBUSTER LTD<\/strong><br \/><strong>63-66 Hatton Garden<\/strong><br \/><strong>London EC1N 8LE<\/strong><br \/><strong>Company number 13014667<\/strong><br \/><strong>VAT number GB 363 9346 71<\/strong><\/p>\n<p>Souscrire aux services de PSONA vous donne acc\u00e8s aux avantages suivants :<\/p>\n<ul>\n<li>Tests illimit\u00e9s<\/li>\n<li>Stockage de tous les r\u00e9sultats de test<\/li>\n<li>Comparaisons entre tests<\/li>\n<li>R\u00e9sultats envoy\u00e9s par email<\/li>\n<\/ul>\n<p>L&#8217;abonnement vous donne acc\u00e8s \u00e0 l&#8217;espace membre pendant 24h \u00e0 un prix promotionnel de 0,5\u20ac TTC. \u00c0 l&#8217;issue de cette p\u00e9riode d&#8217;essai, l&#8217;abonnement mensuel au prix de 47,5\u20ac TTC par mois sera applicable. Le paiement de ce dernier sera automatiquement pr\u00e9lev\u00e9 de votre carte de cr\u00e9dit chaque mois \u00e0 la date anniversaire.<\/p>\n<p>Vous pouvez annuler l&#8217;abonnement \u00e0 tout moment et sans condition directement sur cette page : <a rel=\"noopener\" target=\"_new\" href=\"https:\/\/psna99.com\/se-desabonner\/\">https:\/\/psna99.com\/se-desabonner\/<\/a><\/p>\n<p>Pour annuler votre abonnement, veuillez contacter notre service client par email \u00e0 <a rel=\"noopener\">contact.psona@gmail.com<\/a>, ou via notre formulaire de contact en suivant ce lien : <a rel=\"noopener\" target=\"_new\" href=\"https:\/\/psna99.com\/contact-en\/\">https:\/\/psna99.com\/contact-en\/<\/a><\/p>\n<p>PSONA ne revend pas les informations de ses clients ; les donn\u00e9es personnelles sont utilis\u00e9es uniquement dans le but de communiquer avec les clients et de leur fournir le niveau de service souhait\u00e9.<\/p>\n<p>PSONA utilise des prestataires de paiement conformes aux normes de s\u00e9curit\u00e9 PCI DSS.<\/p>\n<p>[\/et_pb_text][\/et_pb_column][\/et_pb_row][\/et_pb_section]<\/p>\n","protected":false},"excerpt":{"rendered":"<p>Conditions de paiement r\u00e9current &nbsp; Termes d&#8217;abonnement Entry into force: March 30th, 2023 CLICKBUSTER LTD63-66 Hatton GardenLondon EC1N 8LECompany number 13014667VAT number GB 363 9346 71 Souscrire aux services de PSONA vous donne acc\u00e8s aux avantages suivants : Tests illimit\u00e9s Stockage de tous les r\u00e9sultats de test Comparaisons entre tests R\u00e9sultats envoy\u00e9s par email L&#8217;abonnement [&hellip;]<\/p>\n","protected":false},"author":1,"featured_media":0,"parent":0,"menu_order":0,"comment_status":"closed","ping_status":"closed","template":"","meta":{"_et_pb_use_builder":"on","_et_pb_old_content":"<!-- wp:divi\/placeholder \/-->","_et_gb_content_width":"","inline_featured_image":false,"footnotes":""},"class_list":["post-1376","page","type-page","status-publish","hentry"],"_links":{"self":[{"href":"https:\/\/psna99.com\/it\/wp-json\/wp\/v2\/pages\/1376","targetHints":{"allow":["GET"]}}],"collection":[{"href":"https:\/\/psna99.com\/it\/wp-json\/wp\/v2\/pages"}],"about":[{"href":"https:\/\/psna99.com\/it\/wp-json\/wp\/v2\/types\/page"}],"author":[{"embeddable":true,"href":"https:\/\/psna99.com\/it\/wp-json\/wp\/v2\/users\/1"}],"replies":[{"embeddable":true,"href":"https:\/\/psna99.com\/it\/wp-json\/wp\/v2\/comments?post=1376"}],"version-history":[{"count":3,"href":"https:\/\/psna99.com\/it\/wp-json\/wp\/v2\/pages\/1376\/revisions"}],"predecessor-version":[{"id":1387,"href":"https:\/\/psna99.com\/it\/wp-json\/wp\/v2\/pages\/1376\/revisions\/1387"}],"wp:attachment":[{"href":"https:\/\/psna99.com\/it\/wp-json\/wp\/v2\/media?parent=1376"}],"curies":[{"name":"wp","href":"https:\/\/api.w.org\/{rel}","templated":true}]}}