{"id":646,"date":"2024-09-17T10:15:56","date_gmt":"2024-09-17T10:15:56","guid":{"rendered":"https:\/\/psna99.com\/?page_id=646"},"modified":"2024-09-24T09:44:23","modified_gmt":"2024-09-24T09:44:23","slug":"comment_ca_marche","status":"publish","type":"page","link":"https:\/\/psna99.com\/lt\/comment_ca_marche\/","title":{"rendered":"Kaip tai veikia"},"content":{"rendered":"<p>[et_pb_section fb_built=&#8221;1&#8243; _builder_version=&#8221;4.27.0&#8243; _module_preset=&#8221;default&#8221; background_color=&#8221;#08004e&#8221; border_radii=&#8221;off|||50px|50px&#8221; global_colors_info=&#8221;{}&#8221;][et_pb_row _builder_version=&#8221;4.27.0&#8243; _module_preset=&#8221;default&#8221; global_colors_info=&#8221;{}&#8221;][et_pb_column type=&#8221;4_4&#8243; _builder_version=&#8221;4.27.0&#8243; _module_preset=&#8221;default&#8221; global_colors_info=&#8221;{}&#8221;][et_pb_text _builder_version=&#8221;4.27.0&#8243; _module_preset=&#8221;default&#8221; global_colors_info=&#8221;{}&#8221;]<\/p>\n<h1 class=\"title_card_left_section1\">Comment \u00e7a marche ?<\/h1>\n<p>[\/et_pb_text][\/et_pb_column][\/et_pb_row][\/et_pb_section][et_pb_section fb_built=&#8221;1&#8243; _builder_version=&#8221;4.27.0&#8243; _module_preset=&#8221;default&#8221; background_color=&#8221;#eef4f9&#8243; global_colors_info=&#8221;{}&#8221;][et_pb_row _builder_version=&#8221;4.27.0&#8243; _module_preset=&#8221;default&#8221; global_colors_info=&#8221;{}&#8221;][et_pb_column type=&#8221;4_4&#8243; _builder_version=&#8221;4.27.0&#8243; _module_preset=&#8221;default&#8221; global_colors_info=&#8221;{}&#8221;][et_pb_text _builder_version=&#8221;4.27.0&#8243; _module_preset=&#8221;default&#8221; global_colors_info=&#8221;{}&#8221;]<\/p>\n<p style=\"text-align: center;\">En trois \u00e9tapes<\/p>\n<h2 class=\"color_h2\" style=\"text-align: center;\">Comment \u00e7a marche\u00a0?<\/h2>\n<p>[\/et_pb_text][\/et_pb_column][\/et_pb_row][et_pb_row column_structure=&#8221;1_3,1_3,1_3&#8243; make_equal=&#8221;on&#8221; _builder_version=&#8221;4.27.0&#8243; _module_preset=&#8221;default&#8221; global_colors_info=&#8221;{}&#8221;][et_pb_column type=&#8221;1_3&#8243; _builder_version=&#8221;4.27.0&#8243; _module_preset=&#8221;default&#8221; background_color=&#8221;#FFFFFF&#8221; custom_padding=&#8221;30px|38px|30px|38px|true|true&#8221; border_radii=&#8221;on|20px|20px|20px|20px&#8221; global_colors_info=&#8221;{}&#8221;][et_pb_text _builder_version=&#8221;4.27.0&#8243; _module_preset=&#8221;default&#8221; background_color=&#8221;#FFFFFF&#8221; global_colors_info=&#8221;{}&#8221;]<\/p>\n<p><img loading=\"lazy\" decoding=\"async\" src=\"https:\/\/psna99.com\/wp-content\/uploads\/2024\/09\/01-1.png\" width=\"111\" height=\"69\" alt=\"\" class=\"wp-image-649 alignnone size-full\" \/><\/p>\n<h3>Effectuer le test<\/h3>\n<p>Notre objectif est de garantir la fiabilit\u00e9 et l&#8217;exhaustivit\u00e9 maximales de ce test. Pour cela, veuillez r\u00e9pondre aux questions avec honn\u00eatet\u00e9 et \u00e9viter autant que possible les r\u00e9ponses neutres. Votre engagement dans les r\u00e9ponses permettra d&#8217;obtenir des r\u00e9sultats plus pr\u00e9cis.<\/p>\n<p>[\/et_pb_text][et_pb_button button_text=&#8221;Passer le test&#8221; button_alignment=&#8221;center&#8221; _builder_version=&#8221;4.27.0&#8243; _module_preset=&#8221;default&#8221; custom_button=&#8221;on&#8221; button_text_color=&#8221;#FFFFFF&#8221; button_bg_color=&#8221;#203392&#8243; button_border_radius=&#8221;27px&#8221; button_icon=&#8221;&#x24;||divi||400&#8243; button_on_hover=&#8221;off&#8221; custom_padding=&#8221;|60px||24px|false|false&#8221; hover_enabled=&#8221;0&#8243; global_colors_info=&#8221;{}&#8221; button_url=&#8221;@ET-DC@eyJkeW5hbWljIjp0cnVlLCJjb250ZW50IjoicG9zdF9saW5rX3VybF9wYWdlIiwic2V0dGluZ3MiOnsicG9zdF9pZCI6IjM5In19@&#8221; _dynamic_attributes=&#8221;button_url&#8221; sticky_enabled=&#8221;0&#8243;][\/et_pb_button][\/et_pb_column][et_pb_column type=&#8221;1_3&#8243; _builder_version=&#8221;4.27.0&#8243; _module_preset=&#8221;default&#8221; background_color=&#8221;#FFFFFF&#8221; custom_padding=&#8221;30px|38px|30px|38px|true|true&#8221; border_radii=&#8221;on|20px|20px|20px|20px&#8221; global_colors_info=&#8221;{}&#8221;][et_pb_text _builder_version=&#8221;4.27.0&#8243; _module_preset=&#8221;default&#8221; background_color=&#8221;#FFFFFF&#8221; global_colors_info=&#8221;{}&#8221;]<img loading=\"lazy\" decoding=\"async\" src=\"https:\/\/psna99.com\/wp-content\/uploads\/2024\/09\/02-1.png\" width=\"68\" height=\"69\" alt=\"\" class=\"wp-image-652 alignnone size-full\" \/><\/p>\n<h3 style=\"color_h2\">Acc\u00e9der \u00e0 vos r\u00e9sultats<\/h3>\n<p>Pour vos r\u00e9sultats, il vous faudra simplement fournir vos coordonn\u00e9es bancaires et suivre les instructions \u00e0 la fin du test.<br \/>\nConsultez vos r\u00e9sultats sur votre compte ou recevez-les par email. Vous avez la possibilit\u00e9 de passer le test plusieurs fois pendant la dur\u00e9e de votre abonnement ![\/et_pb_text][\/et_pb_column][et_pb_column type=&#8221;1_3&#8243; _builder_version=&#8221;4.27.0&#8243; _module_preset=&#8221;default&#8221; background_color=&#8221;#FFFFFF&#8221; custom_padding=&#8221;30px|38px|30px|38px|true|true&#8221; border_radii=&#8221;on|20px|20px|20px|20px&#8221; global_colors_info=&#8221;{}&#8221;][et_pb_text _builder_version=&#8221;4.27.0&#8243; _module_preset=&#8221;default&#8221; background_color=&#8221;#FFFFFF&#8221; global_colors_info=&#8221;{}&#8221;]<\/p>\n<p><img loading=\"lazy\" decoding=\"async\" src=\"https:\/\/psna99.com\/wp-content\/uploads\/2024\/09\/03-1.png\" width=\"68\" height=\"69\" alt=\"\" class=\"wp-image-653 alignnone size-full\" \/><\/p>\n<h3>Et ensuite&#8230;<\/h3>\n<p>Vous avez deux options :<\/p>\n<p>La premi\u00e8re consiste \u00e0 vous d\u00e9sinscrire dans les 24 heures. Dans ce cas, des frais de 0,50 \u20ac seront d\u00e9bit\u00e9s, et vous ne pourrez plus passer le test apr\u00e8s ce d\u00e9lai.<br \/>La seconde option est de conserver votre abonnement. Apr\u00e8s les premi\u00e8res 24 heures, un montant de 47,50 \u20ac sera d\u00e9bit\u00e9, vous donnant acc\u00e8s au test pendant un mois avec la possibilit\u00e9 de le refaire \u00e0 volont\u00e9.<\/p>\n<p>[\/et_pb_text][\/et_pb_column][\/et_pb_row][\/et_pb_section]<\/p>\n","protected":false},"excerpt":{"rendered":"<p>Comment \u00e7a marche ?En trois \u00e9tapes Comment \u00e7a marche\u00a0? Effectuer le test Notre objectif est de garantir la fiabilit\u00e9 et l&#8217;exhaustivit\u00e9 maximales de ce test. Pour cela, veuillez r\u00e9pondre aux questions avec honn\u00eatet\u00e9 et \u00e9viter autant que possible les r\u00e9ponses neutres. Votre engagement dans les r\u00e9ponses permettra d&#8217;obtenir des r\u00e9sultats plus pr\u00e9cis. Acc\u00e9der \u00e0 vos [&hellip;]<\/p>\n","protected":false},"author":1,"featured_media":0,"parent":0,"menu_order":0,"comment_status":"closed","ping_status":"closed","template":"","meta":{"_et_pb_use_builder":"on","_et_pb_old_content":"","_et_gb_content_width":"","inline_featured_image":false,"footnotes":""},"class_list":["post-646","page","type-page","status-publish","hentry"],"_links":{"self":[{"href":"https:\/\/psna99.com\/lt\/wp-json\/wp\/v2\/pages\/646","targetHints":{"allow":["GET"]}}],"collection":[{"href":"https:\/\/psna99.com\/lt\/wp-json\/wp\/v2\/pages"}],"about":[{"href":"https:\/\/psna99.com\/lt\/wp-json\/wp\/v2\/types\/page"}],"author":[{"embeddable":true,"href":"https:\/\/psna99.com\/lt\/wp-json\/wp\/v2\/users\/1"}],"replies":[{"embeddable":true,"href":"https:\/\/psna99.com\/lt\/wp-json\/wp\/v2\/comments?post=646"}],"version-history":[{"count":14,"href":"https:\/\/psna99.com\/lt\/wp-json\/wp\/v2\/pages\/646\/revisions"}],"predecessor-version":[{"id":1191,"href":"https:\/\/psna99.com\/lt\/wp-json\/wp\/v2\/pages\/646\/revisions\/1191"}],"wp:attachment":[{"href":"https:\/\/psna99.com\/lt\/wp-json\/wp\/v2\/media?parent=646"}],"curies":[{"name":"wp","href":"https:\/\/api.w.org\/{rel}","templated":true}]}}