{"id":689,"date":"2024-09-17T12:41:40","date_gmt":"2024-09-17T12:41:40","guid":{"rendered":"https:\/\/psna99.com\/?page_id=689"},"modified":"2024-09-24T10:11:05","modified_gmt":"2024-09-24T10:11:05","slug":"ouverture_esprit","status":"publish","type":"page","link":"https:\/\/psna99.com\/tr\/ouverture_esprit\/","title":{"rendered":"A\u00e7\u0131k fikirlilik"},"content":{"rendered":"<p>[et_pb_section fb_built=&#8221;1&#8243; _builder_version=&#8221;4.27.0&#8243; _module_preset=&#8221;default&#8221; background_color=&#8221;#08004e&#8221; border_radii=&#8221;off|||50px|50px&#8221; global_colors_info=&#8221;{}&#8221;][et_pb_row _builder_version=&#8221;4.27.0&#8243; _module_preset=&#8221;default&#8221; width=&#8221;73%&#8221; global_colors_info=&#8221;{}&#8221;][et_pb_column type=&#8221;4_4&#8243; _builder_version=&#8221;4.27.0&#8243; _module_preset=&#8221;default&#8221; global_colors_info=&#8221;{}&#8221;][et_pb_text _builder_version=&#8221;4.27.0&#8243; _module_preset=&#8221;default&#8221; global_colors_info=&#8221;{}&#8221;]<\/p>\n<h1 class=\"title_card_left_section1\">Ouverture d&#8217;esprit<\/h1>\n<p><span style=\"color: white;\">Elle mesure le degr\u00e9 d&#8217;ouverture d&#8217;esprit d&#8217;une personne.<\/span>[\/et_pb_text][\/et_pb_column][\/et_pb_row][\/et_pb_section][et_pb_section fb_built=&#8221;1&#8243; _builder_version=&#8221;4.27.0&#8243; _module_preset=&#8221;default&#8221; global_colors_info=&#8221;{}&#8221;][et_pb_row column_structure=&#8221;1_2,1_2&#8243; use_custom_gutter=&#8221;on&#8221; gutter_width=&#8221;2&#8243; _builder_version=&#8221;4.27.0&#8243; _module_preset=&#8221;default&#8221; global_colors_info=&#8221;{}&#8221;][et_pb_column type=&#8221;1_2&#8243; _builder_version=&#8221;4.27.0&#8243; _module_preset=&#8221;default&#8221; global_colors_info=&#8221;{}&#8221;][et_pb_text _builder_version=&#8221;4.27.0&#8243; _module_preset=&#8221;default&#8221; background_color=&#8221;#FFFFFF&#8221; width=&#8221;100%&#8221; custom_padding=&#8221;40px|39px|40px|39px|true|true&#8221; border_radii=&#8221;on|20px|20px|20px|20px&#8221; box_shadow_style=&#8221;preset1&#8243; box_shadow_blur=&#8221;5px&#8221; global_colors_info=&#8221;{}&#8221;]<\/p>\n<h3 class=\"color_h2\">\u00a0<img loading=\"lazy\" decoding=\"async\" src=\"https:\/\/psna99.com\/wp-content\/uploads\/2024\/09\/Frame-Clip-Content.png\" width=\"73\" height=\"55\" alt=\"\" class=\"wp-image-694 alignnone size-full\" \/>Imagination<\/h3>\n<div style=\"margin-left:30px;\">Un score bas indique une pr\u00e9f\u00e9rence pour les faits concrets et une approche terre \u00e0 terre.<\/p>\n<p>Un score moyen montre une capacit\u00e9 \u00e0 faire preuve d&#8217;imagination tout en restant ancr\u00e9 dans la r\u00e9alit\u00e9.<\/p>\n<p>Un score \u00e9lev\u00e9 r\u00e9v\u00e8le une perception du monde r\u00e9el comme trop banal et simple, avec une propension \u00e0 utiliser la fantaisie pour enrichir son quotidien.<\/p><\/div>\n<p>[\/et_pb_text][et_pb_text _builder_version=&#8221;4.27.0&#8243; _module_preset=&#8221;default&#8221; background_color=&#8221;#FFFFFF&#8221; width=&#8221;100%&#8221; custom_padding=&#8221;40px|39px|40px|39px|true|true&#8221; border_radii=&#8221;on|20px|20px|20px|20px&#8221; box_shadow_style=&#8221;preset1&#8243; box_shadow_blur=&#8221;5px&#8221; locked=&#8221;off&#8221; global_colors_info=&#8221;{}&#8221;]<\/p>\n<h3 class=\"color_h2\">\u00a0<img loading=\"lazy\" decoding=\"async\" src=\"https:\/\/psna99.com\/wp-content\/uploads\/2024\/09\/Frame-Clip-Content.png\" width=\"73\" height=\"55\" alt=\"\" class=\"wp-image-694 alignnone size-full\" \/>Aventure<\/h3>\n<div style=\"margin-left: 30px;\">\n<p>Un score bas indique une pr\u00e9f\u00e9rence pour la stabilit\u00e9 et la routine, avec une r\u00e9sistance au changement.<\/p>\n<p>Un score moyen montre une appr\u00e9ciation des habitudes tout en \u00e9tant ouvert \u00e0 la nouveaut\u00e9.<\/p>\n<p>Un score \u00e9lev\u00e9 r\u00e9v\u00e8le un enthousiasme pour le changement, avec un plaisir \u00e0 explorer de nouvelles exp\u00e9riences et une aversion pour la monotonie, recherchant activement des voies diff\u00e9rentes.<\/p>\n<\/div>\n<p>[\/et_pb_text][et_pb_text _builder_version=&#8221;4.27.0&#8243; _module_preset=&#8221;default&#8221; background_color=&#8221;#FFFFFF&#8221; width=&#8221;100%&#8221; custom_padding=&#8221;40px|39px|40px|39px|true|true&#8221; border_radii=&#8221;on|20px|20px|20px|20px&#8221; box_shadow_style=&#8221;preset1&#8243; box_shadow_blur=&#8221;5px&#8221; locked=&#8221;off&#8221; global_colors_info=&#8221;{}&#8221;]<\/p>\n<h3 class=\"color_h2\">\u00a0<img loading=\"lazy\" decoding=\"async\" src=\"https:\/\/psna99.com\/wp-content\/uploads\/2024\/09\/Frame-Clip-Content.png\" width=\"73\" height=\"55\" alt=\"\" class=\"wp-image-694 alignnone size-full\" \/>Sens artistique<\/h3>\n<div style=\"margin-left: 30px;\">\n<p>Un score bas indique une sensibilit\u00e9 limit\u00e9e ou un int\u00e9r\u00eat mod\u00e9r\u00e9 pour les arts en g\u00e9n\u00e9ral.<\/p>\n<p>Un score moyen montre une appr\u00e9ciation de l&#8217;art sans \u00eatre facilement captiv\u00e9.<\/p>\n<p>Un score \u00e9lev\u00e9 r\u00e9v\u00e8le une passion pour la beaut\u00e9, tant formelle que fonctionnelle. Vous \u00eates facilement absorb\u00e9 par les expressions artistiques et les \u00e9v\u00e9nements culturels. Vous n&#8217;\u00eates pas n\u00e9cessairement un artiste, mais vous savez appr\u00e9cier les aspects esth\u00e9tiques.<\/p>\n<\/div>\n<p>[\/et_pb_text][\/et_pb_column][et_pb_column type=&#8221;1_2&#8243; module_class=&#8221;ouvertureEsprit_page__col2&#8243; _builder_version=&#8221;4.27.0&#8243; _module_preset=&#8221;default&#8221; custom_padding=&#8221;110px||||false|false&#8221; global_colors_info=&#8221;{}&#8221;][et_pb_text _builder_version=&#8221;4.27.0&#8243; _module_preset=&#8221;default&#8221; background_color=&#8221;#FFFFFF&#8221; width=&#8221;100%&#8221; custom_padding=&#8221;40px|39px|40px|39px|true|true&#8221; border_radii=&#8221;on|20px|20px|20px|20px&#8221; box_shadow_style=&#8221;preset1&#8243; box_shadow_blur=&#8221;5px&#8221; locked=&#8221;off&#8221; global_colors_info=&#8221;{}&#8221;]<\/p>\n<h3 class=\"color_h2\">\u00a0<img loading=\"lazy\" decoding=\"async\" src=\"https:\/\/psna99.com\/wp-content\/uploads\/2024\/09\/Frame-Clip-Content.png\" width=\"73\" height=\"55\" alt=\"\" class=\"wp-image-694 alignnone size-full\" \/>Affection<\/h3>\n<div style=\"margin-left: 30px;\">\n<p>Un score bas indique une moindre attention port\u00e9e aux \u00e9motions, avec une tendance \u00e0 les refouler ou \u00e0 ne pas les exprimer ouvertement.<\/p>\n<p>Un score moyen montre une capacit\u00e9 d&#8217;introspection \u00e9quilibr\u00e9e vis-\u00e0-vis des \u00e9motions.<\/p>\n<p>Un score \u00e9lev\u00e9 r\u00e9v\u00e8le une forte connexion \u00e9motionnelle, avec une grande attention port\u00e9e et une facilit\u00e9 \u00e0 exprimer ses \u00e9motions.<\/p>\n<\/div>\n<p>[\/et_pb_text][et_pb_text _builder_version=&#8221;4.27.0&#8243; _module_preset=&#8221;default&#8221; background_color=&#8221;#FFFFFF&#8221; width=&#8221;100%&#8221; custom_padding=&#8221;40px|39px|40px|39px|true|true&#8221; border_radii=&#8221;on|20px|20px|20px|20px&#8221; box_shadow_style=&#8221;preset1&#8243; box_shadow_blur=&#8221;5px&#8221; locked=&#8221;off&#8221; global_colors_info=&#8221;{}&#8221;]<\/p>\n<h3 class=\"color_h2\">\u00a0<img loading=\"lazy\" decoding=\"async\" src=\"https:\/\/psna99.com\/wp-content\/uploads\/2024\/09\/Frame-Clip-Content.png\" width=\"73\" height=\"55\" alt=\"\" class=\"wp-image-694 alignnone size-full\" \/>Lib\u00e9ralisme<\/h3>\n<div style=\"margin-left: 30px;\">\n<p>Le lib\u00e9ralisme psychologique se r\u00e9f\u00e8re \u00e0 la capacit\u00e9 d&#8217;accepter les changements d&#8217;autorit\u00e9, de conventions ou de valeurs.<\/p>\n<div style=\"margin-left: 30px;\">\n<p>Un score bas indique une pr\u00e9f\u00e9rence pour la s\u00e9curit\u00e9, la stabilit\u00e9 et la conformit\u00e9 aux traditions.<\/p>\n<p>Un score moyen montre une attitude traditionnelle avec une ouverture d&#8217;esprit.<\/p>\n<p>Un score \u00e9lev\u00e9 r\u00e9v\u00e8le une pr\u00e9f\u00e9rence pour les comportements rebelles ou anarchiques, avec une tendance \u00e0 d\u00e9fier les normes \u00e9tablies.<\/p>\n<\/div>\n<\/div>\n<p>[\/et_pb_text][et_pb_text _builder_version=&#8221;4.27.0&#8243; _module_preset=&#8221;default&#8221; background_color=&#8221;#FFFFFF&#8221; width=&#8221;100%&#8221; custom_padding=&#8221;40px|39px|40px|39px|true|true&#8221; border_radii=&#8221;on|20px|20px|20px|20px&#8221; box_shadow_style=&#8221;preset1&#8243; box_shadow_blur=&#8221;5px&#8221; locked=&#8221;off&#8221; global_colors_info=&#8221;{}&#8221;]<\/p>\n<h3 class=\"color_h2\">\u00a0<img loading=\"lazy\" decoding=\"async\" src=\"https:\/\/psna99.com\/wp-content\/uploads\/2024\/09\/Frame-Clip-Content.png\" width=\"73\" height=\"55\" alt=\"\" class=\"wp-image-694 alignnone size-full\" \/>Intellect<\/h3>\n<div style=\"margin-left: 30px;\">\n<p>L&#8217;intellect et le sens artistique sont deux aspects essentiels de l&#8217;ouverture d&#8217;esprit. L&#8217;intellect ne doit pas \u00eatre confondu avec l&#8217;intelligence conventionnelle, mais plut\u00f4t comme une forme particuli\u00e8re d&#8217;intelligence. M\u00eame si ceux qui obtiennent un score \u00e9lev\u00e9 montrent souvent de bons r\u00e9sultats aux tests standardis\u00e9s d&#8217;intelligence.<\/p>\n<div style=\"margin-left:30px;\">Un score bas indique une pr\u00e9f\u00e9rence pour discuter avec des individus partageant les m\u00eames opinions, en consid\u00e9rant les exercices intellectuels comme une perte de temps.<\/p>\n<p>Un score moyen montre une ouverture g\u00e9n\u00e9rale aux nouvelles id\u00e9es et concepts.<\/p>\n<p>Un score \u00e9lev\u00e9 r\u00e9v\u00e8le une inclination pour jouer avec des concepts abstraits, des id\u00e9es originales et des d\u00e9bats intellectuels. Vous appr\u00e9ciez les \u00e9nigmes, les puzzles et d&#8217;autres d\u00e9fis cognitifs.<\/p><\/div>\n<\/div>\n<p>[\/et_pb_text][\/et_pb_column][\/et_pb_row][\/et_pb_section][et_pb_section fb_built=&#8221;1&#8243; admin_label=&#8221;Section&#8221; _builder_version=&#8221;4.27.0&#8243; _module_preset=&#8221;default&#8221; background_color=&#8221;#08004e&#8221; custom_margin=&#8221;|20px||20px|false|true&#8221; custom_padding=&#8221;||115px||false|false&#8221; border_radii=&#8221;on|30px|30px|30px|30px&#8221; global_module=&#8221;630&#8243; global_colors_info=&#8221;{}&#8221;][et_pb_row _builder_version=&#8221;4.27.0&#8243; _module_preset=&#8221;default&#8221; global_colors_info=&#8221;{}&#8221;][et_pb_column type=&#8221;4_4&#8243; _builder_version=&#8221;4.27.0&#8243; _module_preset=&#8221;default&#8221; global_colors_info=&#8221;{}&#8221;][et_pb_text _builder_version=&#8221;4.27.0&#8243; _module_preset=&#8221;default&#8221; text_font=&#8221;|||on|||||&#8221; text_text_color=&#8221;#FFFFFF&#8221; custom_margin=&#8221;||7px|||&#8221; global_colors_info=&#8221;{}&#8221;]<\/p>\n<p>Les &#8220;big five&#8221;<\/p>\n<p>[\/et_pb_text][et_pb_text module_class=&#8221;title_flip_card&#8221; _builder_version=&#8221;4.27.0&#8243; _module_preset=&#8221;default&#8221; text_text_color=&#8221;#FFFFFF&#8221; text_font_size=&#8221;26px&#8221; width=&#8221;21%&#8221; global_colors_info=&#8221;{}&#8221;]<\/p>\n<div style=\"line-height: 30px;\">Les cinq principaux domaines de test<\/div>\n<p>[\/et_pb_text][\/et_pb_column][\/et_pb_row][et_pb_row column_structure=&#8221;1_5,1_5,1_5,1_5,1_5&#8243; module_id=&#8221;custom-card-row&#8221; _builder_version=&#8221;4.27.0&#8243; _module_preset=&#8221;default&#8221; max_width=&#8221;1920px&#8221; global_module=&#8221;998&#8243; locked=&#8221;off&#8221; global_colors_info=&#8221;{}&#8221;][et_pb_column type=&#8221;1_5&#8243; _builder_version=&#8221;4.27.0&#8243; _module_preset=&#8221;default&#8221; global_colors_info=&#8221;{}&#8221;][lwp_divi_flipbox use_front_icon=&#8221;off&#8221; front_background_color=&#8221;RGBA(255,255,255,0)&#8221; back_body=&#8221;<\/p>\n<p style=%22text-align: center; font-size: 20px; padding-bottom: 10px;%22><strong>Ouverture d\u2019esprit<\/strong><\/p>\n<p>Indicateur du niveau d&#8217;ouverture d&#8217;une personne aux nouvelles choses et exp\u00e9riences.<\/p>\n<p><a class=%22flip-button%22 href=%22https:\/\/psna99.com\/ouverture_esprit\/%22>En savoir plus<\/a>&#8221; back_src=&#8221;https:\/\/psna99.com\/wp-content\/uploads\/2024\/09\/Psona_OpenMindless.png&#8221; back_background_color=&#8221;#FFFFFF&#8221; flip_card_animation=&#8221;flip_left&#8221; _builder_version=&#8221;4.27.0&#8243; _module_preset=&#8221;default&#8221; back-body_font_size=&#8221;16px&#8221; back-body_line_height=&#8221;30px&#8221; custom_button=&#8221;on&#8221; button_text_size=&#8221;14px&#8221; button_text_color=&#8221;#FFFFFF&#8221; button_bg_color=&#8221;RGBA(255,255,255,0)&#8221; button_border_width=&#8221;1px&#8221; button_border_color=&#8221;#FFFFFF&#8221; button_border_radius=&#8221;999px&#8221; button_font=&#8221;|600|||||||&#8221; button_use_icon=&#8221;off&#8221; hover_enabled=&#8221;0&#8243; custom_css_free_form=&#8221;selector .flip_box_front {||  background:center \/ contain no-repeat url(%22https:\/\/psna99.com\/wp-content\/uploads\/2024\/09\/01.png%22);||}||||selector .flip-button {||  display:block;||  color:white;||  border:1px solid white;||  font-size:14px;||  font-weight:700;||  border-radius:999px;||  width:180px;||  text-align:center;||  margin:0 auto;||  padding:5px 0;||}&#8221; custom_css_flip_box=&#8221;width:18vw;&#8221; custom_css_back_body=&#8221;background:#203392;||border-radius:20px;||padding:20px 40px;&#8221; custom_css_back_image=&#8221;margin-bottom:20px;&#8221; custom_css_back_button=&#8221;display:none!important;&#8221; border_radii=&#8221;on|20px|20px|20px|20px&#8221; global_colors_info=&#8221;{}&#8221; custom_css_flip_box_last_edited=&#8221;on|tablet&#8221; custom_css_flip_box_tablet=&#8221;width:100%;&#8221; custom_css_back_body_last_edited=&#8221;on|tablet&#8221; custom_css_back_body_tablet=&#8221;background:#203392;||border-radius:20px;||padding:20px 30px;&#8221; sticky_enabled=&#8221;0&#8243; custom_css_flip_box_phone=&#8221;width:100%;&#8221; custom_css_back_body_phone=&#8221;background:#203392;||border-radius:20px;||padding:20px 30px;&#8221;][\/lwp_divi_flipbox][\/et_pb_column][et_pb_column type=&#8221;1_5&#8243; _builder_version=&#8221;4.27.0&#8243; _module_preset=&#8221;default&#8221; global_colors_info=&#8221;{}&#8221;][lwp_divi_flipbox use_front_icon=&#8221;off&#8221; front_background_color=&#8221;RGBA(255,255,255,0)&#8221; back_body=&#8221;<\/p>\n<p style=%22text-align: center; font-size: 20px; padding-bottom: 10px;%22><strong>Extraversion<\/strong><\/p>\n<p>Trait de personnalit\u00e9 marqu\u00e9 par une forte tendance \u00e0 socialiser et \u00e0 rechercher de nouvelles stimulations.<\/p>\n<p><a class=%22flip-button%22 href=%22https:\/\/psna99.com\/extraversion\/%22>En savoir plus<\/a>&#8221; back_src=&#8221;https:\/\/psna99.com\/wp-content\/uploads\/2024\/09\/Psona_Extraversion.png&#8221; back_background_color=&#8221;#FFFFFF&#8221; flip_card_animation=&#8221;flip_left&#8221; _builder_version=&#8221;4.27.0&#8243; _module_preset=&#8221;default&#8221; back-body_font_size=&#8221;16px&#8221; back-body_line_height=&#8221;30px&#8221; custom_button=&#8221;on&#8221; button_text_size=&#8221;14px&#8221; button_text_color=&#8221;#FFFFFF&#8221; button_bg_color=&#8221;RGBA(255,255,255,0)&#8221; button_border_width=&#8221;1px&#8221; button_border_color=&#8221;#FFFFFF&#8221; button_border_radius=&#8221;999px&#8221; button_font=&#8221;|600|||||||&#8221; button_use_icon=&#8221;off&#8221; hover_enabled=&#8221;0&#8243; custom_css_free_form=&#8221;selector .flip_box_front {||  background:center \/ contain no-repeat url(%22https:\/\/psna99.com\/wp-content\/uploads\/2024\/09\/02.png%22);||}||||selector .flip-button {||  display:block;||  color:white;||  border:1px solid white;||  font-size:14px;||  font-weight:700;||  border-radius:999px;||  width:180px;||  text-align:center;||  margin:0 auto;||  padding:5px 0;||}&#8221; custom_css_flip_box=&#8221;width:18vw;&#8221; custom_css_back_body=&#8221;background:#203392;||border-radius:20px;||padding:20px 40px;&#8221; custom_css_back_image=&#8221;margin-bottom:20px;&#8221; custom_css_back_button=&#8221;display:none!important;&#8221; border_radii=&#8221;on|20px|20px|20px|20px&#8221; locked=&#8221;off&#8221; global_colors_info=&#8221;{}&#8221; custom_css_flip_box_last_edited=&#8221;on|tablet&#8221; custom_css_flip_box_tablet=&#8221;width:100%;&#8221; custom_css_back_body_last_edited=&#8221;on|tablet&#8221; custom_css_back_body_tablet=&#8221;background:#203392;||border-radius:20px;||padding:20px 30px;&#8221; sticky_enabled=&#8221;0&#8243; custom_css_flip_box_phone=&#8221;width:100%;&#8221; custom_css_back_body_phone=&#8221;background:#203392;||border-radius:20px;||padding:20px 30px;&#8221;][\/lwp_divi_flipbox][\/et_pb_column][et_pb_column type=&#8221;1_5&#8243; _builder_version=&#8221;4.27.0&#8243; _module_preset=&#8221;default&#8221; global_colors_info=&#8221;{}&#8221;][lwp_divi_flipbox use_front_icon=&#8221;off&#8221; front_background_color=&#8221;RGBA(255,255,255,0)&#8221; back_body=&#8221;<\/p>\n<p style=%22text-align: center; font-size: 20px; padding-bottom: 10px;%22><strong>Sens des responsabilit\u00e9s professionnelles<\/strong><\/p>\n<p>Soin apport\u00e9 \u00e0 son travail et \u00e0 sa profession.<\/p>\n<p><a class=%22flip-button%22 href=%22https:\/\/psna99.com\/sens-des-responsabilites-professionnelles\/%22>En savoir plus<\/a>&#8221; back_src=&#8221;https:\/\/psna99.com\/wp-content\/uploads\/2024\/09\/Psona_ProfessionalSense.png&#8221; back_background_color=&#8221;#FFFFFF&#8221; flip_card_animation=&#8221;flip_left&#8221; _builder_version=&#8221;4.27.0&#8243; _module_preset=&#8221;default&#8221; back-body_font_size=&#8221;16px&#8221; back-body_line_height=&#8221;30px&#8221; custom_button=&#8221;on&#8221; button_text_size=&#8221;14px&#8221; button_text_color=&#8221;#FFFFFF&#8221; button_bg_color=&#8221;RGBA(255,255,255,0)&#8221; button_border_width=&#8221;1px&#8221; button_border_color=&#8221;#FFFFFF&#8221; button_border_radius=&#8221;999px&#8221; button_font=&#8221;|600|||||||&#8221; button_use_icon=&#8221;off&#8221; hover_enabled=&#8221;0&#8243; custom_css_free_form=&#8221;selector .flip_box_front {||  background:center \/ contain no-repeat url(%22https:\/\/psna99.com\/wp-content\/uploads\/2024\/09\/03.png%22);||}||||selector .flip-button {||  display:block;||  color:white;||  border:1px solid white;||  font-size:14px;||  font-weight:700;||  border-radius:999px;||  width:180px;||  text-align:center;||  margin:0 auto;||  padding:5px 0;||}&#8221; custom_css_flip_box=&#8221;width:18vw;&#8221; custom_css_back_body=&#8221;background:#203392;||border-radius:20px;||padding:20px 40px;&#8221; custom_css_back_image=&#8221;margin-bottom:20px;&#8221; custom_css_back_button=&#8221;display:none!important;&#8221; border_radii=&#8221;on|20px|20px|20px|20px&#8221; locked=&#8221;off&#8221; global_colors_info=&#8221;{}&#8221; custom_css_flip_box_last_edited=&#8221;on|tablet&#8221; custom_css_flip_box_tablet=&#8221;width:100%;&#8221; custom_css_back_body_last_edited=&#8221;on|tablet&#8221; custom_css_back_body_tablet=&#8221;background:#203392;||border-radius:20px;||padding:20px 30px;&#8221; sticky_enabled=&#8221;0&#8243; custom_css_flip_box_phone=&#8221;width:100%;&#8221; custom_css_back_body_phone=&#8221;background:#203392;||border-radius:20px;||padding:20px 30px;&#8221;][\/lwp_divi_flipbox][\/et_pb_column][et_pb_column type=&#8221;1_5&#8243; _builder_version=&#8221;4.27.0&#8243; _module_preset=&#8221;default&#8221; global_colors_info=&#8221;{}&#8221;][lwp_divi_flipbox use_front_icon=&#8221;off&#8221; front_background_color=&#8221;RGBA(255,255,255,0)&#8221; back_body=&#8221;<\/p>\n<p style=%22text-align: center; font-size: 20px; padding-bottom: 10px;%22><strong>Sociabilit\u00e9<\/strong><\/p>\n<p>La sociabilit\u00e9 mesure l&#8217;esprit d&#8217;\u00e9quipe, les interactions sociales et la capacit\u00e9 \u00e0 bien s&#8217;entendre avec autrui.<\/p>\n<p><a class=%22flip-button%22 href=%22https:\/\/psna99.com\/sociabilite\/%22>En savoir plus<\/a>&#8221; back_src=&#8221;https:\/\/psna99.com\/wp-content\/uploads\/2024\/09\/Psona_Neuroticism.png&#8221; back_background_color=&#8221;#FFFFFF&#8221; flip_card_animation=&#8221;flip_left&#8221; _builder_version=&#8221;4.27.0&#8243; _module_preset=&#8221;default&#8221; back-body_font_size=&#8221;16px&#8221; back-body_line_height=&#8221;30px&#8221; custom_button=&#8221;on&#8221; button_text_size=&#8221;14px&#8221; button_text_color=&#8221;#FFFFFF&#8221; button_bg_color=&#8221;RGBA(255,255,255,0)&#8221; button_border_width=&#8221;1px&#8221; button_border_color=&#8221;#FFFFFF&#8221; button_border_radius=&#8221;999px&#8221; button_font=&#8221;|600|||||||&#8221; button_use_icon=&#8221;off&#8221; hover_enabled=&#8221;0&#8243; custom_css_free_form=&#8221;selector .flip_box_front {||  background:center \/ contain no-repeat url(%22https:\/\/psna99.com\/wp-content\/uploads\/2024\/09\/04.png%22);||}||||selector .flip-button {||  display:block;||  color:white;||  border:1px solid white;||  font-size:14px;||  font-weight:700;||  border-radius:999px;||  width:180px;||  text-align:center;||  margin:0 auto;||  padding:5px 0;||}&#8221; custom_css_flip_box=&#8221;width:18vw;&#8221; custom_css_back_body=&#8221;background:#203392;||border-radius:20px;||padding:20px 40px;&#8221; custom_css_back_image=&#8221;margin-bottom:20px;&#8221; custom_css_back_button=&#8221;display:none!important;&#8221; border_radii=&#8221;on|20px|20px|20px|20px&#8221; locked=&#8221;off&#8221; global_colors_info=&#8221;{}&#8221; custom_css_flip_box_last_edited=&#8221;on|tablet&#8221; custom_css_flip_box_tablet=&#8221;width:100%;&#8221; custom_css_back_body_last_edited=&#8221;on|tablet&#8221; custom_css_back_body_tablet=&#8221;background:#203392;||border-radius:20px;||padding:20px 30px;&#8221; sticky_enabled=&#8221;0&#8243; custom_css_flip_box_phone=&#8221;width:100%;&#8221; custom_css_back_body_phone=&#8221;background:#203392;||border-radius:20px;||padding:20px 30px;&#8221;][\/lwp_divi_flipbox][\/et_pb_column][et_pb_column type=&#8221;1_5&#8243; _builder_version=&#8221;4.27.0&#8243; _module_preset=&#8221;default&#8221; global_colors_info=&#8221;{}&#8221;][lwp_divi_flipbox use_front_icon=&#8221;off&#8221; front_background_color=&#8221;RGBA(255,255,255,0)&#8221; back_body=&#8221;<\/p>\n<p style=%22text-align: center; font-size: 20px; padding-bottom: 10px;%22><strong>N\u00e9vrotisme<\/strong><\/p>\n<p>Une personne ayant un niveau \u00e9lev\u00e9 de n\u00e9vrosisme a tendance \u00e0 ressentir des \u00e9motions n\u00e9gatives.<\/p>\n<p><a class=%22flip-button%22 href=%22https:\/\/psna99.com\/nevrotisme\/%22>En savoir plus<\/a><\/p>\n<p>&#8221; back_src=&#8221;https:\/\/psna99.com\/wp-content\/uploads\/2024\/09\/Psona_Sociability.png&#8221; back_background_color=&#8221;#FFFFFF&#8221; flip_card_animation=&#8221;flip_left&#8221; _builder_version=&#8221;4.27.0&#8243; _module_preset=&#8221;default&#8221; back-body_font_size=&#8221;16px&#8221; back-body_line_height=&#8221;30px&#8221; custom_button=&#8221;on&#8221; button_text_size=&#8221;14px&#8221; button_text_color=&#8221;#FFFFFF&#8221; button_bg_color=&#8221;RGBA(255,255,255,0)&#8221; button_border_width=&#8221;1px&#8221; button_border_color=&#8221;#FFFFFF&#8221; button_border_radius=&#8221;999px&#8221; button_font=&#8221;|600|||||||&#8221; button_use_icon=&#8221;off&#8221; hover_enabled=&#8221;0&#8243; custom_css_free_form=&#8221;selector .flip_box_front {||  background:center \/ contain no-repeat url(%22https:\/\/psna99.com\/wp-content\/uploads\/2024\/09\/05.png%22);||}||||selector .flip-button {||  display:block;||  color:white;||  border:1px solid white;||  font-size:14px;||  font-weight:700;||  border-radius:999px;||  width:180px;||  text-align:center;||  margin:0 auto;||  padding:5px 0;||}&#8221; custom_css_flip_box=&#8221;width:18vw;&#8221; custom_css_back_body=&#8221;background:#203392;||border-radius:20px;||padding:20px 40px;&#8221; custom_css_back_image=&#8221;margin-bottom:20px;&#8221; custom_css_back_button=&#8221;display:none!important;&#8221; border_radii=&#8221;on|20px|20px|20px|20px&#8221; locked=&#8221;off&#8221; global_colors_info=&#8221;{}&#8221; custom_css_flip_box_last_edited=&#8221;on|tablet&#8221; custom_css_flip_box_tablet=&#8221;width:100%;&#8221; custom_css_back_body_last_edited=&#8221;on|tablet&#8221; custom_css_back_body_tablet=&#8221;background:#203392;||border-radius:20px;||padding:20px 30px;&#8221; sticky_enabled=&#8221;0&#8243; title_text=&#8221;Psona_Sociability&#8221; custom_css_flip_box_phone=&#8221;width:100%;&#8221; custom_css_back_body_phone=&#8221;background:#203392;||border-radius:20px;||padding:20px 30px;&#8221;][\/lwp_divi_flipbox][\/et_pb_column][\/et_pb_row][\/et_pb_section][et_pb_section fb_built=&#8221;1&#8243; _builder_version=&#8221;4.27.0&#8243; _module_preset=&#8221;default&#8221; max_width=&#8221;100%&#8221; height=&#8221;100px&#8221; global_colors_info=&#8221;{}&#8221;][\/et_pb_section]<\/p>\n","protected":false},"excerpt":{"rendered":"<p>Ouverture d&#8217;esprit Elle mesure le degr\u00e9 d&#8217;ouverture d&#8217;esprit d&#8217;une personne.\u00a0Imagination Un score bas indique une pr\u00e9f\u00e9rence pour les faits concrets et une approche terre \u00e0 terre. Un score moyen montre une capacit\u00e9 \u00e0 faire preuve d&#8217;imagination tout en restant ancr\u00e9 dans la r\u00e9alit\u00e9. Un score \u00e9lev\u00e9 r\u00e9v\u00e8le une perception du monde r\u00e9el comme trop banal [&hellip;]<\/p>\n","protected":false},"author":1,"featured_media":0,"parent":0,"menu_order":0,"comment_status":"closed","ping_status":"closed","template":"","meta":{"_et_pb_use_builder":"on","_et_pb_old_content":"","_et_gb_content_width":"","inline_featured_image":false,"footnotes":""},"class_list":["post-689","page","type-page","status-publish","hentry"],"_links":{"self":[{"href":"https:\/\/psna99.com\/tr\/wp-json\/wp\/v2\/pages\/689","targetHints":{"allow":["GET"]}}],"collection":[{"href":"https:\/\/psna99.com\/tr\/wp-json\/wp\/v2\/pages"}],"about":[{"href":"https:\/\/psna99.com\/tr\/wp-json\/wp\/v2\/types\/page"}],"author":[{"embeddable":true,"href":"https:\/\/psna99.com\/tr\/wp-json\/wp\/v2\/users\/1"}],"replies":[{"embeddable":true,"href":"https:\/\/psna99.com\/tr\/wp-json\/wp\/v2\/comments?post=689"}],"version-history":[{"count":29,"href":"https:\/\/psna99.com\/tr\/wp-json\/wp\/v2\/pages\/689\/revisions"}],"predecessor-version":[{"id":1248,"href":"https:\/\/psna99.com\/tr\/wp-json\/wp\/v2\/pages\/689\/revisions\/1248"}],"wp:attachment":[{"href":"https:\/\/psna99.com\/tr\/wp-json\/wp\/v2\/media?parent=689"}],"curies":[{"name":"wp","href":"https:\/\/api.w.org\/{rel}","templated":true}]}}